{"id":3,"date":"2023-01-10T12:27:14","date_gmt":"2023-01-10T11:27:14","guid":{"rendered":"https:\/\/pintarama.com\/?page_id=3"},"modified":"2025-02-26T12:57:56","modified_gmt":"2025-02-26T11:57:56","slug":"politica-de-privacitat","status":"publish","type":"page","link":"https:\/\/pintarama.com\/es\/politica-de-privacitat\/","title":{"rendered":"Pol\u00edtica de privacitat"},"content":{"rendered":"\t\t<div data-elementor-type=\"wp-page\" data-elementor-id=\"3\" class=\"elementor elementor-3\" data-elementor-post-type=\"page\">\n\t\t\t\t\t\t<section class=\"elementor-section elementor-top-section elementor-element elementor-element-4a42520b elementor-section-boxed elementor-section-height-default elementor-section-height-default\" data-id=\"4a42520b\" data-element_type=\"section\" data-e-type=\"section\">\n\t\t\t\t\t\t<div class=\"elementor-container elementor-column-gap-default\">\n\t\t\t\t\t<div class=\"elementor-column elementor-col-100 elementor-top-column elementor-element elementor-element-5d3a97e0\" data-id=\"5d3a97e0\" data-element_type=\"column\" data-e-type=\"column\">\n\t\t\t<div class=\"elementor-widget-wrap elementor-element-populated\">\n\t\t\t\t\t\t<div class=\"elementor-element elementor-element-1f61784c elementor-widget elementor-widget-text-editor\" data-id=\"1f61784c\" data-element_type=\"widget\" data-e-type=\"widget\" data-widget_type=\"text-editor.default\">\n\t\t\t\t<div class=\"elementor-widget-container\">\n\t\t\t\t\t\t\t\t\t<p class=\"p1\">Foster The Market SL<\/p>\n<p class=\"p1\">Amb la finalitat de donar compliment a l\u2019article 10 de la Llei 34\/2002 de Serveis de la Societat de la Informaci\u00f3 i Comer\u00e7 Electr\u00f2nic, informem l\u2019usuari de les nostres dades:<\/p>\n<p class=\"p1\">Denominaci\u00f3 Social: FOSTER THE MARKET SL<\/p>\n<p class=\"p1\">Nom Comercial: FOSTER<\/p>\n<p class=\"p1\">Domicili Social: CTRA. DE OLOT N\u00ba 6 <span class=\"Apple-converted-space\">\u00a0 <\/span>2\u00ba 2\u00aa \u2013 17856 \u2013 CASTELLFOLLIT DE LA ROCA \u2013 GIRONA<\/p>\n<p class=\"p1\">NIF: B16792376<\/p>\n<p class=\"p1\">Tel\u00e8fon: 653841001<\/p>\n<p class=\"p1\">e-mail: foster@foster.cat<\/p>\n<p class=\"p1\">Dades registrals: Tomo 3341, Folio 196, Secci\u00f3n 8, Hoja GI 68420, Inscripci\u00f3n 1.<\/p>\n<p class=\"p1\">P\u00e0gina Web: www.foster.cat<\/p>\n<p class=\"p1\">1. \u00a0RESPONSABLE DEL TRACTAMENT<\/p>\n<p class=\"p1\">FOSTER THE MARKET SL (d\u2019ara endavant, el \u201cResponsable\u201d).<\/p>\n<p class=\"p1\">1.1. Normativa aplicable<\/p>\n<p class=\"p1\">La nostra Pol\u00edtica de Privacitat s\u2019ha dissenyat d\u2019acord amb el Reglament General de Protecci\u00f3 de Dades de la UE 2016\/679 del Parlament Europeu i del Consell, de 27 d\u2019abril de 2016, relatiu a la protecci\u00f3 de les persones f\u00edsiques pel que fa al tractament de dades personals i a la lliure circulaci\u00f3 d\u2019aquestes dades i pel qual es deroga la Directiva 95\/46\/CE (Reglament general de protecci\u00f3 de dades), i la Llei org\u00e0nica 3\/2018 del 5 de desembre, de Protecci\u00f3 de Dades de Car\u00e0cter Personal i Garantia dels Drets Digitals.<\/p>\n<p class=\"p1\">En facilitar-nos les seves dades, Vost\u00e8 declara haver llegit i con\u00e8ixer la present Pol\u00edtica de Privacitat, prestant el seu consentiment inequ\u00edvoc i expr\u00e9s al tractament de les seves dades personals d\u2019acord amb les finalitats i termes aqu\u00ed expressats.<\/p>\n<p class=\"p1\">L\u2019Empresa podr\u00e0 modificar la present Pol\u00edtica de Privacitat per a adaptar-la a les novetats legislatives, jurisprudencials o d\u2019interpretaci\u00f3 de l\u2019Ag\u00e8ncia Espanyola de Protecci\u00f3 de Dades. Aquestes condicions de privacitat podran ser complementades per l\u2019Av\u00eds Legal, Pol\u00edtica de Cookies i les Condicions Generals que, si escau, es recullin per a determinats productes o serveis, si aquest acc\u00e9s suposa alguna especialitat en mat\u00e8ria de protecci\u00f3 de dades de car\u00e0cter personal.<\/p>\n<p class=\"p1\">1.2. El nostre Delegat de Protecci\u00f3 de Dades<\/p>\n<p class=\"p1\">LOPDMONTOLIU I SERVEIS SL, amb NIF. B55261804. El tel\u00e8fon de contacte \u00e9s 625459540 i el correu electr\u00f2nic: info@lopdmontoliu.es.<\/p>\n<p class=\"p1\">2. FINALITAT DEL TRACTAMENT DE LES DADES PERSONALS<\/p>\n<p class=\"p1\">El tractament que realitzem de les seves dades personals respon a les seg\u00fcents finalitats:<\/p>\n<p class=\"p1\">Proporcionar-li informaci\u00f3 relacionada amb els productes i serveis que ofereix la nostra empresa i que detallen en aquest web site.<\/p>\n<p class=\"p1\">Realitzar la contractaci\u00f3 dels nostres serveis mitjan\u00e7ant l\u2019acceptaci\u00f3 del corresponent pressupost \/ demanat i\/o la signatura d\u2019un contracte mercantil.<\/p>\n<p class=\"p1\">Enviar-li per correu electr\u00f2nic i\/o postal les not\u00edcies i novetats sobre la nostra entitat, aix\u00ed com les actualitzacions del nostre cat\u00e0leg de productes i serveis.<\/p>\n<p class=\"p1\">2.1. Termini de Conservaci\u00f3 de les seves dades<\/p>\n<p class=\"p1\">Conservarem les seves dades personals des que ens doni el seu consentiment fins que el revoqui o b\u00e9 sol\u00b7liciti la limitaci\u00f3 del tractament. En tals casos, mantindrem les seves dades de manera bloquejada durant els terminis legalment exigits.<\/p>\n<p class=\"p1\">3. LEGITIMACI\u00d3 I DADES RECAPTADES<\/p>\n<p class=\"p1\">La legitimaci\u00f3 per al tractament de les seves dades \u00e9s el consentiment expr\u00e9s atorgat mitjan\u00e7ant un acte positiu i afirmatiu (emplenar el formulari corresponent i marcar la casella d\u2019acceptaci\u00f3 d\u2019aquesta pol\u00edtica) en el moment de facilitar-nos les seves dades personals.<\/p>\n<p class=\"p1\">3.1. Consentiment per a tractar les seves dades<\/p>\n<p class=\"p1\">En emplenar els formularis, marcar la casella \u201cAccepto la Pol\u00edtica de Privacitat\u201d i fer clic per a enviar les dades, o en remetre correus electr\u00f2nics a l\u2019Empresa a trav\u00e9s dels comptes habilitats a aquest efecte, l\u2019Usuari manifesta haver llegit i acceptat expressament la present pol\u00edtica de privacitat, i atorga el seu consentiment inequ\u00edvoc i expr\u00e9s al tractament de les seves dades personals conforme a les finalitats indicades.<\/p>\n<p class=\"p1\">3.2. Categories de dades<\/p>\n<p class=\"p1\">Les dades que es recapten es refereixen a la categoria de dades identificatives, com poden ser: Nom i Cognoms, Tel\u00e8fon, Adre\u00e7a Postal, Empresa, Correu electr\u00f2nic, aix\u00ed com l\u2019adre\u00e7a IP des d\u2019on accedeix al formulari de recollida de dades.<\/p>\n<p class=\"p1\">4. MESURES DE SEGURETAT<\/p>\n<p class=\"p1\">Dins del nostre comprom\u00eds per garantir la seguretat i confidencialitat de les seves dades de car\u00e0cter personal, l\u2019informem que s\u2019han adoptat les mesures d\u2019\u00edndole t\u00e8cnica i organitzatives necess\u00e0ries per a garantir la seguretat de les dades de car\u00e0cter personal i evitar la seva alteraci\u00f3, p\u00e8rdua, tractament o acc\u00e9s no autoritzat, tenint en compte de l\u2019estat de la tecnologia, la naturalesa de les dades emmagatzemades i els riscos al fet que estiguin exposats, segons l\u2019Art. 32 del RGPD EU 679\/2016.<\/p>\n<p class=\"p1\">5. CESSI\u00d3 DE DADES<\/p>\n<p class=\"p1\">No es preveuen cessions de dades ni transfer\u00e8ncies internacionals de les seves dades, a excepci\u00f3 de les autoritzades per la legislaci\u00f3 fiscal, mercantil i de telecomunicacions aix\u00ed com en aquells casos en els quals una autoritat judicial ens ho requereixi.<\/p>\n<p class=\"p1\">6. DRETS DE L\u2019USUARI<\/p>\n<p class=\"p1\">Qualsevol interessat t\u00e9 dret a obtenir confirmaci\u00f3 sobre si estem tractant dades personals que el concerneixin, o no. Les persones interessades tenen dret a accedir a les seves dades personals, aix\u00ed com a sol\u00b7licitar la rectificaci\u00f3 de les dades inexactes o, en el seu cas, sol\u00b7licitar la seva supressi\u00f3 quan, entre altres motius, les dades ja no siguin necessaris per als fins que van ser recollits. En determinades circumst\u00e0ncies, els interessats podran sol\u00b7licitar la limitaci\u00f3 del tractament de les seves dades, i en aquest cas \u00fanicament els conservarem per a l\u2019exercici o la defensa de reclamacions. Per motius relacionats amb la seva situaci\u00f3 particular, els interessats podran oposar-se al tractament de les seves dades. El Responsable del fitxer deixar\u00e0 de tractar les dades, excepte per motius leg\u00edtims imperiosos, o l\u2019exercici o la defensa de possibles reclamacions.<\/p>\n<p class=\"p1\">D\u2019acord amb la legislaci\u00f3 vigent t\u00e9 els seg\u00fcents drets: dret a sol\u00b7licitar l\u2019acc\u00e9s a les seves dades personals, dret a sol\u00b7licitar la seva rectificaci\u00f3 o supressi\u00f3, dret a sol\u00b7licitar la limitaci\u00f3 del seu tractament, dret a oposar-se al tractament, dret a la portabilitat de les dades i aix\u00ed mateix, a revocar el consentiment atorgat. Aix\u00ed mateix, t\u00e9 dret a presentar una reclamaci\u00f3 davant l\u2019Ag\u00e8ncia Espanyola de Protecci\u00f3 de Dades.<\/p>\n<p class=\"p1\">6.1. Com exercitar els meus drets?<\/p>\n<p class=\"p1\">Per a exercir els seus drets, ha de dirigir-se al responsable, sol\u00b7licitant el corresponent formulari per a l\u2019exercici del dret triat. Opcionalment, pot acudir a l\u2019Autoritat de Control competent per a obtenir informaci\u00f3 addicional sobre els seus drets. Les dades de contacte per a l\u2019exercici dels seus drets s\u00f3n el tel\u00e8fon 653841001 i el correu electr\u00f2nic: foster@foster.cat. Recordi acompanyar una c\u00f2pia d\u2019un document que ens permeti identificar-li.<\/p>\n<p class=\"p1\">7. CONSENTIMENT PER A ENVIAMENT DE COMUNICACIONS ELECTR\u00d2NIQUES<\/p>\n<p class=\"p1\">Aix\u00ed mateix, i d\u2019acord amb el que s\u2019estableix en la Llei 34\/2002, d\u201911 de juliol, de Serveis de la Societat de la Informaci\u00f3 i del Comer\u00e7 Electr\u00f2nic, completant el formulari de recollida de dades i marcant la corresponent casella \u201cAccepto\u201d est\u00e0 atorgant el consentiment expr\u00e9s per a enviar-li a la seva adre\u00e7a de correu electr\u00f2nic, tel\u00e8fon, fax o un altre mitj\u00e0 electr\u00f2nic en enviament d\u2019informaci\u00f3 sobre l\u2019Empresa.<\/p>\t\t\t\t\t\t\t\t<\/div>\n\t\t\t\t<\/div>\n\t\t\t\t\t<\/div>\n\t\t<\/div>\n\t\t\t\t\t<\/div>\n\t\t<\/section>\n\t\t\t\t<\/div>\n\t\t","protected":false},"excerpt":{"rendered":"<p>Foster The Market SL Amb la finalitat de donar compliment a l\u2019article 10 de la Llei 34\/2002 de Serveis de la Societat de la Informaci\u00f3 i Comer\u00e7 Electr\u00f2nic, informem l\u2019usuari de les nostres dades: Denominaci\u00f3 Social: FOSTER THE MARKET SL Nom Comercial: FOSTER Domicili Social: CTRA. DE OLOT N\u00ba 6 \u00a0 2\u00ba 2\u00aa \u2013 17856 [&hellip;]<\/p>\n","protected":false},"author":1,"featured_media":0,"parent":0,"menu_order":0,"comment_status":"closed","ping_status":"closed","template":"elementor_header_footer","meta":{"footnotes":""},"class_list":["post-3","page","type-page","status-publish","hentry"],"yoast_head":"<!-- This site is optimized with the Yoast SEO plugin v27.4 - https:\/\/yoast.com\/product\/yoast-seo-wordpress\/ -->\n<title>Pol\u00edtica de privacitat - Pintarama<\/title>\n<meta name=\"robots\" content=\"index, follow, max-snippet:-1, max-image-preview:large, max-video-preview:-1\" \/>\n<link rel=\"canonical\" href=\"https:\/\/pintarama.com\/es\/politica-de-privacitat\/\" \/>\n<meta property=\"og:locale\" content=\"es_ES\" \/>\n<meta property=\"og:type\" content=\"article\" \/>\n<meta property=\"og:title\" content=\"Pol\u00edtica de privacitat - Pintarama\" \/>\n<meta property=\"og:description\" content=\"Foster The Market SL Amb la finalitat de donar compliment a l\u2019article 10 de la Llei 34\/2002 de Serveis de la Societat de la Informaci\u00f3 i Comer\u00e7 Electr\u00f2nic, informem l\u2019usuari de les nostres dades: Denominaci\u00f3 Social: FOSTER THE MARKET SL Nom Comercial: FOSTER Domicili Social: CTRA. DE OLOT N\u00ba 6 \u00a0 2\u00ba 2\u00aa \u2013 17856 [&hellip;]\" \/>\n<meta property=\"og:url\" content=\"https:\/\/pintarama.com\/es\/politica-de-privacitat\/\" \/>\n<meta property=\"og:site_name\" content=\"Pintarama\" \/>\n<meta property=\"article:modified_time\" content=\"2025-02-26T11:57:56+00:00\" \/>\n<meta name=\"twitter:card\" content=\"summary_large_image\" \/>\n<meta name=\"twitter:label1\" content=\"Tiempo de lectura\" \/>\n\t<meta name=\"twitter:data1\" content=\"7 minutos\" \/>\n<script type=\"application\/ld+json\" class=\"yoast-schema-graph\">{\"@context\":\"https:\\\/\\\/schema.org\",\"@graph\":[{\"@type\":\"WebPage\",\"@id\":\"https:\\\/\\\/pintarama.com\\\/es\\\/politica-de-privacitat\\\/\",\"url\":\"https:\\\/\\\/pintarama.com\\\/es\\\/politica-de-privacitat\\\/\",\"name\":\"Pol\u00edtica de privacitat - Pintarama\",\"isPartOf\":{\"@id\":\"https:\\\/\\\/pintarama.com\\\/es\\\/#website\"},\"datePublished\":\"2023-01-10T11:27:14+00:00\",\"dateModified\":\"2025-02-26T11:57:56+00:00\",\"breadcrumb\":{\"@id\":\"https:\\\/\\\/pintarama.com\\\/es\\\/politica-de-privacitat\\\/#breadcrumb\"},\"inLanguage\":\"es\",\"potentialAction\":[{\"@type\":\"ReadAction\",\"target\":[\"https:\\\/\\\/pintarama.com\\\/es\\\/politica-de-privacitat\\\/\"]}]},{\"@type\":\"BreadcrumbList\",\"@id\":\"https:\\\/\\\/pintarama.com\\\/es\\\/politica-de-privacitat\\\/#breadcrumb\",\"itemListElement\":[{\"@type\":\"ListItem\",\"position\":1,\"name\":\"Inici\",\"item\":\"https:\\\/\\\/pintarama.com\\\/es\\\/inicio\\\/\"},{\"@type\":\"ListItem\",\"position\":2,\"name\":\"Pol\u00edtica de privacitat\"}]},{\"@type\":\"WebSite\",\"@id\":\"https:\\\/\\\/pintarama.com\\\/es\\\/#website\",\"url\":\"https:\\\/\\\/pintarama.com\\\/es\\\/\",\"name\":\"Pintarama\",\"description\":\"Tu tienda de bricolaje y pintura en Barcelona\",\"publisher\":{\"@id\":\"https:\\\/\\\/pintarama.com\\\/es\\\/#organization\"},\"potentialAction\":[{\"@type\":\"SearchAction\",\"target\":{\"@type\":\"EntryPoint\",\"urlTemplate\":\"https:\\\/\\\/pintarama.com\\\/es\\\/?s={search_term_string}\"},\"query-input\":{\"@type\":\"PropertyValueSpecification\",\"valueRequired\":true,\"valueName\":\"search_term_string\"}}],\"inLanguage\":\"es\"},{\"@type\":\"Organization\",\"@id\":\"https:\\\/\\\/pintarama.com\\\/es\\\/#organization\",\"name\":\"Pintarama\",\"url\":\"https:\\\/\\\/pintarama.com\\\/es\\\/\",\"logo\":{\"@type\":\"ImageObject\",\"inLanguage\":\"es\",\"@id\":\"https:\\\/\\\/pintarama.com\\\/es\\\/#\\\/schema\\\/logo\\\/image\\\/\",\"url\":\"https:\\\/\\\/pintarama.com\\\/wp-content\\\/uploads\\\/2023\\\/01\\\/pintarama-logo.png\",\"contentUrl\":\"https:\\\/\\\/pintarama.com\\\/wp-content\\\/uploads\\\/2023\\\/01\\\/pintarama-logo.png\",\"width\":2560,\"height\":532,\"caption\":\"Pintarama\"},\"image\":{\"@id\":\"https:\\\/\\\/pintarama.com\\\/es\\\/#\\\/schema\\\/logo\\\/image\\\/\"}}]}<\/script>\n<!-- \/ Yoast SEO plugin. -->","yoast_head_json":{"title":"Pol\u00edtica de privacitat - Pintarama","robots":{"index":"index","follow":"follow","max-snippet":"max-snippet:-1","max-image-preview":"max-image-preview:large","max-video-preview":"max-video-preview:-1"},"canonical":"https:\/\/pintarama.com\/es\/politica-de-privacitat\/","og_locale":"es_ES","og_type":"article","og_title":"Pol\u00edtica de privacitat - Pintarama","og_description":"Foster The Market SL Amb la finalitat de donar compliment a l\u2019article 10 de la Llei 34\/2002 de Serveis de la Societat de la Informaci\u00f3 i Comer\u00e7 Electr\u00f2nic, informem l\u2019usuari de les nostres dades: Denominaci\u00f3 Social: FOSTER THE MARKET SL Nom Comercial: FOSTER Domicili Social: CTRA. DE OLOT N\u00ba 6 \u00a0 2\u00ba 2\u00aa \u2013 17856 [&hellip;]","og_url":"https:\/\/pintarama.com\/es\/politica-de-privacitat\/","og_site_name":"Pintarama","article_modified_time":"2025-02-26T11:57:56+00:00","twitter_card":"summary_large_image","twitter_misc":{"Tiempo de lectura":"7 minutos"},"schema":{"@context":"https:\/\/schema.org","@graph":[{"@type":"WebPage","@id":"https:\/\/pintarama.com\/es\/politica-de-privacitat\/","url":"https:\/\/pintarama.com\/es\/politica-de-privacitat\/","name":"Pol\u00edtica de privacitat - Pintarama","isPartOf":{"@id":"https:\/\/pintarama.com\/es\/#website"},"datePublished":"2023-01-10T11:27:14+00:00","dateModified":"2025-02-26T11:57:56+00:00","breadcrumb":{"@id":"https:\/\/pintarama.com\/es\/politica-de-privacitat\/#breadcrumb"},"inLanguage":"es","potentialAction":[{"@type":"ReadAction","target":["https:\/\/pintarama.com\/es\/politica-de-privacitat\/"]}]},{"@type":"BreadcrumbList","@id":"https:\/\/pintarama.com\/es\/politica-de-privacitat\/#breadcrumb","itemListElement":[{"@type":"ListItem","position":1,"name":"Inici","item":"https:\/\/pintarama.com\/es\/inicio\/"},{"@type":"ListItem","position":2,"name":"Pol\u00edtica de privacitat"}]},{"@type":"WebSite","@id":"https:\/\/pintarama.com\/es\/#website","url":"https:\/\/pintarama.com\/es\/","name":"Pintarama","description":"Tu tienda de bricolaje y pintura en Barcelona","publisher":{"@id":"https:\/\/pintarama.com\/es\/#organization"},"potentialAction":[{"@type":"SearchAction","target":{"@type":"EntryPoint","urlTemplate":"https:\/\/pintarama.com\/es\/?s={search_term_string}"},"query-input":{"@type":"PropertyValueSpecification","valueRequired":true,"valueName":"search_term_string"}}],"inLanguage":"es"},{"@type":"Organization","@id":"https:\/\/pintarama.com\/es\/#organization","name":"Pintarama","url":"https:\/\/pintarama.com\/es\/","logo":{"@type":"ImageObject","inLanguage":"es","@id":"https:\/\/pintarama.com\/es\/#\/schema\/logo\/image\/","url":"https:\/\/pintarama.com\/wp-content\/uploads\/2023\/01\/pintarama-logo.png","contentUrl":"https:\/\/pintarama.com\/wp-content\/uploads\/2023\/01\/pintarama-logo.png","width":2560,"height":532,"caption":"Pintarama"},"image":{"@id":"https:\/\/pintarama.com\/es\/#\/schema\/logo\/image\/"}}]}},"_links":{"self":[{"href":"https:\/\/pintarama.com\/es\/wp-json\/wp\/v2\/pages\/3","targetHints":{"allow":["GET"]}}],"collection":[{"href":"https:\/\/pintarama.com\/es\/wp-json\/wp\/v2\/pages"}],"about":[{"href":"https:\/\/pintarama.com\/es\/wp-json\/wp\/v2\/types\/page"}],"author":[{"embeddable":true,"href":"https:\/\/pintarama.com\/es\/wp-json\/wp\/v2\/users\/1"}],"replies":[{"embeddable":true,"href":"https:\/\/pintarama.com\/es\/wp-json\/wp\/v2\/comments?post=3"}],"version-history":[{"count":4,"href":"https:\/\/pintarama.com\/es\/wp-json\/wp\/v2\/pages\/3\/revisions"}],"predecessor-version":[{"id":741,"href":"https:\/\/pintarama.com\/es\/wp-json\/wp\/v2\/pages\/3\/revisions\/741"}],"wp:attachment":[{"href":"https:\/\/pintarama.com\/es\/wp-json\/wp\/v2\/media?parent=3"}],"curies":[{"name":"wp","href":"https:\/\/api.w.org\/{rel}","templated":true}]}}