{"id":964,"date":"2025-02-28T10:04:37","date_gmt":"2025-02-28T09:04:37","guid":{"rendered":"https:\/\/pintarama.com\/producto\/cesped-artificial-n22\/"},"modified":"2025-02-28T10:04:37","modified_gmt":"2025-02-28T09:04:37","slug":"cesped-artificial-n22","status":"publish","type":"product","link":"https:\/\/pintarama.com\/es\/producto\/cesped-artificial-n22\/","title":{"rendered":"C\u00e9sped artificial N22"},"content":{"rendered":"<p>C\u00e9sped artificial de fibra corta.<\/p>\n<p>Propiedades:<\/p>\n<ul>\n<li>Mezcla de fibras monofilamento BodyShape recto y fibras texturizadas con efecto ra\u00edz.<\/li>\n<li>Muy f\u00e1cil de instalar.<\/li>\n<li>No necesita relleno.<\/li>\n<\/ul>\n<p>Usos:<\/p>\n<ul>\n<li>Jardines, terrazas, zonas de juego con mascotas&#8230;<\/li>\n<\/ul>\n<p>Datos t\u00e9cnicos:<\/p>\n<ul>\n<li>Altura: 25 mm<\/li>\n<li>Puntadas\/m2: 14.700<\/li>\n<li>Peso fibra g\/m2: 715<\/li>\n<\/ul>\n<p>*Precio m2.<\/p>\n","protected":false},"excerpt":{"rendered":"<p>C\u00e9sped artificial de fibra corta. Propiedades: Mezcla de fibras monofilamento BodyShape recto y fibras texturizadas con efecto ra\u00edz. Muy f\u00e1cil de instalar. No necesita relleno. Usos: Jardines, terrazas, zonas de juego con mascotas&#8230; Datos t\u00e9cnicos: Altura: 25 mm Puntadas\/m2: 14.700 Peso fibra g\/m2: 715 *Precio m2.<\/p>\n","protected":false},"featured_media":971,"comment_status":"closed","ping_status":"closed","template":"","meta":[],"product_brand":[],"product_cat":[52],"product_tag":[],"class_list":{"0":"post-964","1":"product","2":"type-product","3":"status-publish","4":"has-post-thumbnail","6":"product_cat-cespedes","8":"first","9":"instock","10":"shipping-taxable","11":"purchasable","12":"product-type-simple"},"yoast_head":"<!-- This site is optimized with the Yoast SEO plugin v27.5 - https:\/\/yoast.com\/product\/yoast-seo-wordpress\/ -->\n<title>C\u00e9sped artificial N22 - Pintarama<\/title>\n<meta name=\"robots\" content=\"index, follow, max-snippet:-1, max-image-preview:large, max-video-preview:-1\" \/>\n<link rel=\"canonical\" href=\"https:\/\/pintarama.com\/es\/producto\/cesped-artificial-n22\/\" \/>\n<meta property=\"og:locale\" content=\"es_ES\" \/>\n<meta property=\"og:type\" content=\"article\" \/>\n<meta property=\"og:title\" content=\"C\u00e9sped artificial N22 - Pintarama\" \/>\n<meta property=\"og:description\" content=\"C\u00e9sped artificial de fibra corta. Propiedades: Mezcla de fibras monofilamento BodyShape recto y fibras texturizadas con efecto ra\u00edz. Muy f\u00e1cil de instalar. No necesita relleno. Usos: Jardines, terrazas, zonas de juego con mascotas&#8230; Datos t\u00e9cnicos: Altura: 25 mm Puntadas\/m2: 14.700 Peso fibra g\/m2: 715 *Precio m2.\" \/>\n<meta property=\"og:url\" content=\"https:\/\/pintarama.com\/es\/producto\/cesped-artificial-n22\/\" \/>\n<meta property=\"og:site_name\" content=\"Pintarama\" \/>\n<meta name=\"twitter:card\" content=\"summary_large_image\" \/>\n<script type=\"application\/ld+json\" class=\"yoast-schema-graph\">{\"@context\":\"https:\\\/\\\/schema.org\",\"@graph\":[{\"@type\":\"WebPage\",\"@id\":\"https:\\\/\\\/pintarama.com\\\/es\\\/producto\\\/cesped-artificial-n22\\\/\",\"url\":\"https:\\\/\\\/pintarama.com\\\/es\\\/producto\\\/cesped-artificial-n22\\\/\",\"name\":\"C\u00e9sped artificial N22 - Pintarama\",\"isPartOf\":{\"@id\":\"https:\\\/\\\/pintarama.com\\\/es\\\/#website\"},\"primaryImageOfPage\":{\"@id\":\"https:\\\/\\\/pintarama.com\\\/es\\\/producto\\\/cesped-artificial-n22\\\/#primaryimage\"},\"image\":{\"@id\":\"https:\\\/\\\/pintarama.com\\\/es\\\/producto\\\/cesped-artificial-n22\\\/#primaryimage\"},\"thumbnailUrl\":\"https:\\\/\\\/pintarama.com\\\/wp-content\\\/uploads\\\/2025\\\/02\\\/gespan22.jpg.webp\",\"datePublished\":\"2025-02-28T09:04:37+00:00\",\"breadcrumb\":{\"@id\":\"https:\\\/\\\/pintarama.com\\\/es\\\/producto\\\/cesped-artificial-n22\\\/#breadcrumb\"},\"inLanguage\":\"es\",\"potentialAction\":[{\"@type\":\"ReadAction\",\"target\":[\"https:\\\/\\\/pintarama.com\\\/es\\\/producto\\\/cesped-artificial-n22\\\/\"]}]},{\"@type\":\"ImageObject\",\"inLanguage\":\"es\",\"@id\":\"https:\\\/\\\/pintarama.com\\\/es\\\/producto\\\/cesped-artificial-n22\\\/#primaryimage\",\"url\":\"https:\\\/\\\/pintarama.com\\\/wp-content\\\/uploads\\\/2025\\\/02\\\/gespan22.jpg.webp\",\"contentUrl\":\"https:\\\/\\\/pintarama.com\\\/wp-content\\\/uploads\\\/2025\\\/02\\\/gespan22.jpg.webp\",\"width\":500,\"height\":500},{\"@type\":\"BreadcrumbList\",\"@id\":\"https:\\\/\\\/pintarama.com\\\/es\\\/producto\\\/cesped-artificial-n22\\\/#breadcrumb\",\"itemListElement\":[{\"@type\":\"ListItem\",\"position\":1,\"name\":\"Inici\",\"item\":\"https:\\\/\\\/pintarama.com\\\/es\\\/inicio\\\/\"},{\"@type\":\"ListItem\",\"position\":2,\"name\":\"Tienda\",\"item\":\"https:\\\/\\\/pintarama.com\\\/es\\\/tienda\\\/\"},{\"@type\":\"ListItem\",\"position\":3,\"name\":\"C\u00e9sped artificial N22\"}]},{\"@type\":\"WebSite\",\"@id\":\"https:\\\/\\\/pintarama.com\\\/es\\\/#website\",\"url\":\"https:\\\/\\\/pintarama.com\\\/es\\\/\",\"name\":\"Pintarama\",\"description\":\"Tu tienda de bricolaje y pintura en Barcelona\",\"publisher\":{\"@id\":\"https:\\\/\\\/pintarama.com\\\/es\\\/#organization\"},\"potentialAction\":[{\"@type\":\"SearchAction\",\"target\":{\"@type\":\"EntryPoint\",\"urlTemplate\":\"https:\\\/\\\/pintarama.com\\\/es\\\/?s={search_term_string}\"},\"query-input\":{\"@type\":\"PropertyValueSpecification\",\"valueRequired\":true,\"valueName\":\"search_term_string\"}}],\"inLanguage\":\"es\"},{\"@type\":\"Organization\",\"@id\":\"https:\\\/\\\/pintarama.com\\\/es\\\/#organization\",\"name\":\"Pintarama\",\"url\":\"https:\\\/\\\/pintarama.com\\\/es\\\/\",\"logo\":{\"@type\":\"ImageObject\",\"inLanguage\":\"es\",\"@id\":\"https:\\\/\\\/pintarama.com\\\/es\\\/#\\\/schema\\\/logo\\\/image\\\/\",\"url\":\"https:\\\/\\\/pintarama.com\\\/wp-content\\\/uploads\\\/2023\\\/01\\\/pintarama-logo.png\",\"contentUrl\":\"https:\\\/\\\/pintarama.com\\\/wp-content\\\/uploads\\\/2023\\\/01\\\/pintarama-logo.png\",\"width\":2560,\"height\":532,\"caption\":\"Pintarama\"},\"image\":{\"@id\":\"https:\\\/\\\/pintarama.com\\\/es\\\/#\\\/schema\\\/logo\\\/image\\\/\"}}]}<\/script>\n<!-- \/ Yoast SEO plugin. -->","yoast_head_json":{"title":"C\u00e9sped artificial N22 - Pintarama","robots":{"index":"index","follow":"follow","max-snippet":"max-snippet:-1","max-image-preview":"max-image-preview:large","max-video-preview":"max-video-preview:-1"},"canonical":"https:\/\/pintarama.com\/es\/producto\/cesped-artificial-n22\/","og_locale":"es_ES","og_type":"article","og_title":"C\u00e9sped artificial N22 - Pintarama","og_description":"C\u00e9sped artificial de fibra corta. Propiedades: Mezcla de fibras monofilamento BodyShape recto y fibras texturizadas con efecto ra\u00edz. Muy f\u00e1cil de instalar. No necesita relleno. Usos: Jardines, terrazas, zonas de juego con mascotas&#8230; Datos t\u00e9cnicos: Altura: 25 mm Puntadas\/m2: 14.700 Peso fibra g\/m2: 715 *Precio m2.","og_url":"https:\/\/pintarama.com\/es\/producto\/cesped-artificial-n22\/","og_site_name":"Pintarama","twitter_card":"summary_large_image","schema":{"@context":"https:\/\/schema.org","@graph":[{"@type":"WebPage","@id":"https:\/\/pintarama.com\/es\/producto\/cesped-artificial-n22\/","url":"https:\/\/pintarama.com\/es\/producto\/cesped-artificial-n22\/","name":"C\u00e9sped artificial N22 - Pintarama","isPartOf":{"@id":"https:\/\/pintarama.com\/es\/#website"},"primaryImageOfPage":{"@id":"https:\/\/pintarama.com\/es\/producto\/cesped-artificial-n22\/#primaryimage"},"image":{"@id":"https:\/\/pintarama.com\/es\/producto\/cesped-artificial-n22\/#primaryimage"},"thumbnailUrl":"https:\/\/pintarama.com\/wp-content\/uploads\/2025\/02\/gespan22.jpg.webp","datePublished":"2025-02-28T09:04:37+00:00","breadcrumb":{"@id":"https:\/\/pintarama.com\/es\/producto\/cesped-artificial-n22\/#breadcrumb"},"inLanguage":"es","potentialAction":[{"@type":"ReadAction","target":["https:\/\/pintarama.com\/es\/producto\/cesped-artificial-n22\/"]}]},{"@type":"ImageObject","inLanguage":"es","@id":"https:\/\/pintarama.com\/es\/producto\/cesped-artificial-n22\/#primaryimage","url":"https:\/\/pintarama.com\/wp-content\/uploads\/2025\/02\/gespan22.jpg.webp","contentUrl":"https:\/\/pintarama.com\/wp-content\/uploads\/2025\/02\/gespan22.jpg.webp","width":500,"height":500},{"@type":"BreadcrumbList","@id":"https:\/\/pintarama.com\/es\/producto\/cesped-artificial-n22\/#breadcrumb","itemListElement":[{"@type":"ListItem","position":1,"name":"Inici","item":"https:\/\/pintarama.com\/es\/inicio\/"},{"@type":"ListItem","position":2,"name":"Tienda","item":"https:\/\/pintarama.com\/es\/tienda\/"},{"@type":"ListItem","position":3,"name":"C\u00e9sped artificial N22"}]},{"@type":"WebSite","@id":"https:\/\/pintarama.com\/es\/#website","url":"https:\/\/pintarama.com\/es\/","name":"Pintarama","description":"Tu tienda de bricolaje y pintura en Barcelona","publisher":{"@id":"https:\/\/pintarama.com\/es\/#organization"},"potentialAction":[{"@type":"SearchAction","target":{"@type":"EntryPoint","urlTemplate":"https:\/\/pintarama.com\/es\/?s={search_term_string}"},"query-input":{"@type":"PropertyValueSpecification","valueRequired":true,"valueName":"search_term_string"}}],"inLanguage":"es"},{"@type":"Organization","@id":"https:\/\/pintarama.com\/es\/#organization","name":"Pintarama","url":"https:\/\/pintarama.com\/es\/","logo":{"@type":"ImageObject","inLanguage":"es","@id":"https:\/\/pintarama.com\/es\/#\/schema\/logo\/image\/","url":"https:\/\/pintarama.com\/wp-content\/uploads\/2023\/01\/pintarama-logo.png","contentUrl":"https:\/\/pintarama.com\/wp-content\/uploads\/2023\/01\/pintarama-logo.png","width":2560,"height":532,"caption":"Pintarama"},"image":{"@id":"https:\/\/pintarama.com\/es\/#\/schema\/logo\/image\/"}}]}},"_links":{"self":[{"href":"https:\/\/pintarama.com\/es\/wp-json\/wp\/v2\/product\/964","targetHints":{"allow":["GET"]}}],"collection":[{"href":"https:\/\/pintarama.com\/es\/wp-json\/wp\/v2\/product"}],"about":[{"href":"https:\/\/pintarama.com\/es\/wp-json\/wp\/v2\/types\/product"}],"replies":[{"embeddable":true,"href":"https:\/\/pintarama.com\/es\/wp-json\/wp\/v2\/comments?post=964"}],"wp:featuredmedia":[{"embeddable":true,"href":"https:\/\/pintarama.com\/es\/wp-json\/wp\/v2\/media\/971"}],"wp:attachment":[{"href":"https:\/\/pintarama.com\/es\/wp-json\/wp\/v2\/media?parent=964"}],"wp:term":[{"taxonomy":"product_brand","embeddable":true,"href":"https:\/\/pintarama.com\/es\/wp-json\/wp\/v2\/product_brand?post=964"},{"taxonomy":"product_cat","embeddable":true,"href":"https:\/\/pintarama.com\/es\/wp-json\/wp\/v2\/product_cat?post=964"},{"taxonomy":"product_tag","embeddable":true,"href":"https:\/\/pintarama.com\/es\/wp-json\/wp\/v2\/product_tag?post=964"}],"curies":[{"name":"wp","href":"https:\/\/api.w.org\/{rel}","templated":true}]}}